{"id":1331,"date":"2020-07-13T15:01:27","date_gmt":"2020-07-13T13:01:27","guid":{"rendered":"https:\/\/implantecabello.com\/?page_id=1331"},"modified":"2021-04-14T12:16:44","modified_gmt":"2021-04-14T10:16:44","slug":"aviso-legal","status":"publish","type":"page","link":"https:\/\/implantecabello.com\/es\/aviso-legal\/","title":{"rendered":"Aviso Legal"},"content":{"rendered":"<p>En cumplimiento del art\u00edculo 10 de la Ley 34\/2002, de 11 de julio, de Servicios de la Sociedad de la Informaci\u00f3n y Comercio Electr\u00f3nico (LSSICE)\u00a0a continuaci\u00f3n se detallan los datos identificativos de la empresa:<\/p>\n<p><strong>Nombre de la empresa: NEXLASER, SL.<\/strong><\/p>\n<h3>Raz\u00f3n social:<\/h3>\n<p style=\"padding-left: 40px;\"><b>NEXLASER, SL\u00a0<\/b><br \/>\nB25416033<br \/>\nC\\ Segri\u00e0, 26 25006<br \/>\nTel. 973 279 810<br \/>\ninfo@grupnexus.com<\/p>\n<p>Datos Registrales: Inscrita en el\u00a0 Registro Mercantil de Lleida, tomo 539 de la secci\u00f3n general, folio 57,\u00a0 Hoja L-10081, inscripci\u00f3n 1\u00aa<\/p>\n<p>Dr. Samuel Pin\u00f3s Pedra \u2013 Licenciado en Medicina y Cirug\u00eda , N\u00famero de Colegiado 2502825<\/p>\n<h3>Finalidad del sitio web<\/h3>\n<p>Descripci\u00f3n de los servicios prestados por la empresa\u00a0NEXLASER, SL<\/p>\n<p>Lo presente aviso legal (de ahora en adelante, \u201cAviso Legal\u201d) regula el uso del sitio web: www.implantecabello.com<\/p>\n<h3><strong>Legislaci\u00f3n<\/strong><\/h3>\n<p>A todos los efectos las relaciones entre NEXLASER, SL con los Usuarios de sus servicios telem\u00e1ticos, presentes en este sitio web, se encuentran sometidas a la legislaci\u00f3n y jurisdicci\u00f3n espa\u00f1olas.<\/p>\n<h3>Uso y acceso de usuarios<\/h3>\n<p>El Usuario queda informado, y acepta, que el acceso a la presente web no supone, de ninguna forma, el inicio de una relaci\u00f3n comercial con\u00a0NEXLASER, SL o cualquiera de sus delegaciones.<\/p>\n<h3>Propiedad intelectual e industrial<\/h3>\n<p>Los derechos de propiedad intelectual del contenido de las p\u00e1ginas web, su dise\u00f1o gr\u00e1fico y c\u00f3digos son titularidad de NEXLASER, SL y, por lo tanto, queda prohibida su reproducci\u00f3n, distribuci\u00f3n, comunicaci\u00f3n p\u00fablica, transformaci\u00f3n o cualquier otra actividad que se pueda realizar con los contenidos de sus p\u00e1ginas web ni citando las fuentes, excepto con el consentimiento por escrito de NEXLASER, SL.<\/p>\n<h3>Contenido de la web y enlaces (links)<\/h3>\n<p>NEXLASER, SL se reserva el derecho a actualizar, modificar o eliminar la informaci\u00f3n contenida en sus p\u00e1ginas web pudiendo incluso limitar o no permitir el acceso a esta informaci\u00f3n a ciertos usuarios.<\/p>\n","protected":false},"excerpt":{"rendered":"<p>En cumplimiento del art\u00edculo 10 de la Ley 34\/2002, de 11 de julio, de Servicios de la Sociedad de la Informaci\u00f3n y Comercio Electr\u00f3nico (LSSICE)\u00a0a continuaci\u00f3n<span class=\"excerpt-hellip\"> [\u2026]<\/span><\/p>\n","protected":false},"author":2,"featured_media":0,"parent":0,"menu_order":100,"comment_status":"closed","ping_status":"closed","template":"","meta":{"_joinchat":[],"footnotes":""},"yoast_head":"<!-- This site is optimized with the Yoast SEO plugin v22.4 - https:\/\/yoast.com\/wordpress\/plugins\/seo\/ -->\n<title>Aviso Legal - Implante cabello Lleida - Cl\u00ednica Nexus<\/title>\n<meta name=\"robots\" content=\"index, follow, max-snippet:-1, max-image-preview:large, max-video-preview:-1\" \/>\n<link rel=\"canonical\" href=\"https:\/\/implantecabello.com\/es\/aviso-legal\/\" \/>\n<meta property=\"og:locale\" content=\"es_ES\" \/>\n<meta property=\"og:type\" content=\"article\" \/>\n<meta property=\"og:title\" content=\"Aviso Legal - Implante cabello Lleida - Cl\u00ednica Nexus\" \/>\n<meta property=\"og:description\" content=\"En cumplimiento del art\u00edculo 10 de la Ley 34\/2002, de 11 de julio, de Servicios de la Sociedad de la Informaci\u00f3n y Comercio Electr\u00f3nico (LSSICE)\u00a0a continuaci\u00f3n [\u2026]\" \/>\n<meta property=\"og:url\" content=\"https:\/\/implantecabello.com\/es\/aviso-legal\/\" \/>\n<meta property=\"og:site_name\" content=\"Implante cabello Lleida - Cl\u00ednica Nexus\" \/>\n<meta property=\"article:modified_time\" content=\"2021-04-14T10:16:44+00:00\" \/>\n<meta name=\"twitter:card\" content=\"summary_large_image\" \/>\n<meta name=\"twitter:label1\" content=\"Tiempo de lectura\" \/>\n\t<meta name=\"twitter:data1\" content=\"2 minutos\" \/>\n<script type=\"application\/ld+json\" class=\"yoast-schema-graph\">{\"@context\":\"https:\/\/schema.org\",\"@graph\":[{\"@type\":\"WebPage\",\"@id\":\"https:\/\/implantecabello.com\/es\/aviso-legal\/\",\"url\":\"https:\/\/implantecabello.com\/es\/aviso-legal\/\",\"name\":\"Aviso Legal - Implante cabello Lleida - Cl\u00ednica Nexus\",\"isPartOf\":{\"@id\":\"https:\/\/implantecabello.com\/es\/#website\"},\"datePublished\":\"2020-07-13T13:01:27+00:00\",\"dateModified\":\"2021-04-14T10:16:44+00:00\",\"breadcrumb\":{\"@id\":\"https:\/\/implantecabello.com\/es\/aviso-legal\/#breadcrumb\"},\"inLanguage\":\"es\",\"potentialAction\":[{\"@type\":\"ReadAction\",\"target\":[\"https:\/\/implantecabello.com\/es\/aviso-legal\/\"]}]},{\"@type\":\"BreadcrumbList\",\"@id\":\"https:\/\/implantecabello.com\/es\/aviso-legal\/#breadcrumb\",\"itemListElement\":[{\"@type\":\"ListItem\",\"position\":1,\"name\":\"Home\",\"item\":\"https:\/\/implantecabello.com\/es\/\"},{\"@type\":\"ListItem\",\"position\":2,\"name\":\"Aviso Legal\"}]},{\"@type\":\"WebSite\",\"@id\":\"https:\/\/implantecabello.com\/es\/#website\",\"url\":\"https:\/\/implantecabello.com\/es\/\",\"name\":\"Implante cabello Lleida - Cl\u00ednica Nexus\",\"description\":\"\",\"potentialAction\":[{\"@type\":\"SearchAction\",\"target\":{\"@type\":\"EntryPoint\",\"urlTemplate\":\"https:\/\/implantecabello.com\/es\/?s={search_term_string}\"},\"query-input\":\"required name=search_term_string\"}],\"inLanguage\":\"es\"}]}<\/script>\n<!-- \/ Yoast SEO plugin. -->","yoast_head_json":{"title":"Aviso Legal - Implante cabello Lleida - Cl\u00ednica Nexus","robots":{"index":"index","follow":"follow","max-snippet":"max-snippet:-1","max-image-preview":"max-image-preview:large","max-video-preview":"max-video-preview:-1"},"canonical":"https:\/\/implantecabello.com\/es\/aviso-legal\/","og_locale":"es_ES","og_type":"article","og_title":"Aviso Legal - Implante cabello Lleida - Cl\u00ednica Nexus","og_description":"En cumplimiento del art\u00edculo 10 de la Ley 34\/2002, de 11 de julio, de Servicios de la Sociedad de la Informaci\u00f3n y Comercio Electr\u00f3nico (LSSICE)\u00a0a continuaci\u00f3n [\u2026]","og_url":"https:\/\/implantecabello.com\/es\/aviso-legal\/","og_site_name":"Implante cabello Lleida - Cl\u00ednica Nexus","article_modified_time":"2021-04-14T10:16:44+00:00","twitter_card":"summary_large_image","twitter_misc":{"Tiempo de lectura":"2 minutos"},"schema":{"@context":"https:\/\/schema.org","@graph":[{"@type":"WebPage","@id":"https:\/\/implantecabello.com\/es\/aviso-legal\/","url":"https:\/\/implantecabello.com\/es\/aviso-legal\/","name":"Aviso Legal - Implante cabello Lleida - Cl\u00ednica Nexus","isPartOf":{"@id":"https:\/\/implantecabello.com\/es\/#website"},"datePublished":"2020-07-13T13:01:27+00:00","dateModified":"2021-04-14T10:16:44+00:00","breadcrumb":{"@id":"https:\/\/implantecabello.com\/es\/aviso-legal\/#breadcrumb"},"inLanguage":"es","potentialAction":[{"@type":"ReadAction","target":["https:\/\/implantecabello.com\/es\/aviso-legal\/"]}]},{"@type":"BreadcrumbList","@id":"https:\/\/implantecabello.com\/es\/aviso-legal\/#breadcrumb","itemListElement":[{"@type":"ListItem","position":1,"name":"Home","item":"https:\/\/implantecabello.com\/es\/"},{"@type":"ListItem","position":2,"name":"Aviso Legal"}]},{"@type":"WebSite","@id":"https:\/\/implantecabello.com\/es\/#website","url":"https:\/\/implantecabello.com\/es\/","name":"Implante cabello Lleida - Cl\u00ednica Nexus","description":"","potentialAction":[{"@type":"SearchAction","target":{"@type":"EntryPoint","urlTemplate":"https:\/\/implantecabello.com\/es\/?s={search_term_string}"},"query-input":"required name=search_term_string"}],"inLanguage":"es"}]}},"_links":{"self":[{"href":"https:\/\/implantecabello.com\/es\/wp-json\/wp\/v2\/pages\/1331"}],"collection":[{"href":"https:\/\/implantecabello.com\/es\/wp-json\/wp\/v2\/pages"}],"about":[{"href":"https:\/\/implantecabello.com\/es\/wp-json\/wp\/v2\/types\/page"}],"author":[{"embeddable":true,"href":"https:\/\/implantecabello.com\/es\/wp-json\/wp\/v2\/users\/2"}],"replies":[{"embeddable":true,"href":"https:\/\/implantecabello.com\/es\/wp-json\/wp\/v2\/comments?post=1331"}],"version-history":[{"count":9,"href":"https:\/\/implantecabello.com\/es\/wp-json\/wp\/v2\/pages\/1331\/revisions"}],"predecessor-version":[{"id":1488,"href":"https:\/\/implantecabello.com\/es\/wp-json\/wp\/v2\/pages\/1331\/revisions\/1488"}],"wp:attachment":[{"href":"https:\/\/implantecabello.com\/es\/wp-json\/wp\/v2\/media?parent=1331"}],"curies":[{"name":"wp","href":"https:\/\/api.w.org\/{rel}","templated":true}]}}